{"id":520,"date":"2015-02-22T20:09:33","date_gmt":"2015-02-22T20:09:33","guid":{"rendered":"http:\/\/wp\/enfold-medium-business\/?page_id=21"},"modified":"2015-02-22T20:09:33","modified_gmt":"2015-02-22T20:09:33","slug":"contact","status":"publish","type":"page","link":"https:\/\/blog.a-rosa.de\/kreuzfahrt-blog\/contact\/","title":{"rendered":"Contact"},"content":{"rendered":"<\/div><\/div><\/div><!-- close content main div --><\/div><\/div><div id='av_section_1' class='avia-section main_color avia-section-huge avia-no-border-styling av-parallax-section av-section-color-overlay-active avia-bg-style-parallax   av-minimum-height av-minimum-height-75 container_wrap sidebar_right'  data-section-bg-repeat='no-repeat' ><div class='av-parallax' data-avia-parallax-ratio='0.3' ><div class='av-parallax-inner main_color  avia-full-stretch' style = 'background-repeat: no-repeat; background-image: url(https:\/\/blog.a-rosa.de\/wp-content\/uploads\/2015\/02\/people_town.jpg); background-attachment: scroll; background-position: bottom center; ' ><\/div><\/div><div class='av-section-color-overlay-wrap'><div class='av-section-color-overlay' style='opacity: 0.7; background-color: #4ecac2; '><\/div><a href='#next-section' title='' class='scroll-down-link '  aria-hidden='true' data-av_icon='\ue877' data-av_iconfont='entypo-fontello'><\/a><div class='container' ><div class='template-page content  av-content-small alpha units'><div class='post-entry post-entry-type-page post-entry-520'><div class='entry-content-wrapper clearfix'>\n<div class=\"flex_column av_one_fifth  flex_column_div first  \" ><\/div><div class=\"flex_column av_three_fifth  flex_column_div   \" ><div style='padding-bottom:10px;color:#ffffff;font-size:40px;' class='av-special-heading av-special-heading-h1 custom-color-heading blockquote modern-quote modern-centered  av-thin-font av-inherit-size '><h1 class='av-special-heading-tag '  itemprop=\"headline\"  >We would love to work with you so <strong>visit or write us<\/strong><\/h1><div class='special-heading-border'><div class='special-heading-inner-border' style='border-color:#ffffff'><\/div><\/div><\/div><br \/>\n<div style=' margin-top:40px; margin-bottom:40px;'  class='hr hr-custom hr-center hr-icon-no  '><span class='hr-inner   inner-border-av-border-fat' style=' width:50px; border-color:#ffffff;' ><span class='hr-inner-style'><\/span><\/span><\/div><\/div><div class=\"flex_column av_one_fifth  flex_column_div   \" ><\/div>\n<\/div><\/div><\/div><!-- close content main div --><\/div><\/div><\/div><div id='after_section_1' class='main_color av_default_container_wrap container_wrap sidebar_right'   ><div class='container' ><div class='template-page content  av-content-small alpha units'><div class='post-entry post-entry-type-page post-entry-520'><div class='entry-content-wrapper clearfix'>\n<\/div><\/div><\/div><!-- close content main div --><\/div><\/div><div id='av-layout-grid-1' class='av-layout-grid-container entry-content-wrapper main_color av-flex-cells    container_wrap sidebar_right'   >\n<div class=\"flex_cell no_margin av_one_half   \" style='vertical-align:top; padding:30px; background-color:#fcfcfc; '><div class='flex_cell_inner' ><div style='padding-bottom:10px;font-size:40px;' class='av-special-heading av-special-heading-h1  blockquote modern-quote modern-centered   av-inherit-size '><h1 class='av-special-heading-tag '  itemprop=\"headline\"  >Take the office tour<\/h1><div class='special-heading-border'><div class='special-heading-inner-border' ><\/div><\/div><\/div><br \/>\n<div style=' margin-top:40px; margin-bottom:40px;'  class='hr hr-custom hr-center hr-icon-no  '><span class='hr-inner   inner-border-av-border-fat' style=' width:50px; border-color:#000000;' ><span class='hr-inner-style'><\/span><\/span><\/div><br \/>\n<div class=\"flex_column av_one_half  flex_column_div first  \" ><section class=\"av_textblock_section \"  itemscope=\"itemscope\" itemtype=\"https:\/\/schema.org\/CreativeWork\" ><div class='avia_textblock  '   itemprop=\"text\" ><h4 style=\"text-align: center;\">ENFOLD\u00a0Detroit<\/h4>\n<p style=\"text-align: center;\">4870 Cass Ave<br \/>\nDetroit, MI, United States<\/p>\n<p style=\"text-align: center;\">(555) 389 976<\/p>\n<p style=\"text-align: center;\"><a href=\"mailto:california@enfold-restaurant.com\">detroit@enfold-startup.com<\/a><\/p>\n<\/div><\/section><\/div><div class=\"flex_column av_one_half  flex_column_div   \" ><section class=\"av_textblock_section \"  itemscope=\"itemscope\" itemtype=\"https:\/\/schema.org\/CreativeWork\" ><div class='avia_textblock  '   itemprop=\"text\" ><h4 style=\"text-align: center;\">ENFOLD L.A.<\/h4>\n<p style=\"text-align: center;\">1818 N Vermont Ave<br \/>\nLos Angeles, CA, United States<\/p>\n<p style=\"text-align: center;\">(555) 774 433<\/p>\n<p style=\"text-align: center;\"><a href=\"mailto:california@enfold-restaurant.com\">LA@enfold-startup.com<\/a><\/p>\n<\/div><\/section><\/div><div style='height:50px' class='hr hr-invisible  '><span class='hr-inner ' ><span class='hr-inner-style'><\/span><\/span><\/div><br \/>\n<div class='avia-gallery  avia-gallery-1 avia_lazyload avia_animate_when_visible '  itemscope=\"itemscope\" itemtype=\"https:\/\/schema.org\/ImageObject\" ><a class='avia-gallery-big fakeLightbox lightbox avia-gallery-big-crop-thumb ' href='https:\/\/blog.a-rosa.de\/wp-content\/uploads\/2015\/02\/offic2-1024x683.jpg'  data-onclick='1' title='' ><span class='avia-gallery-big-inner'  itemprop=\"thumbnailUrl\" >\t<img width='710' height='375' src='https:\/\/blog.a-rosa.de\/wp-content\/uploads\/2015\/02\/offic2-710x375.jpg' title='offic2' alt='Drei Personen stehen am Nachmittag in einem hohen Geb\u00e4ude vor einer gro\u00dfen Fensterfront und blicken auf die Skyline einer modernen Gro\u00dfstadt.' \/><\/span><\/a><div class='avia-gallery-thumb'> <a href='https:\/\/blog.a-rosa.de\/wp-content\/uploads\/2015\/02\/offic2-1024x683.jpg' data-rel='gallery-1' data-prev-img='https:\/\/blog.a-rosa.de\/wp-content\/uploads\/2015\/02\/offic2-710x375.jpg' class='first_thumb lightbox ' data-onclick='1' title=''  itemprop=\"thumbnailUrl\" ><img  src='https:\/\/blog.a-rosa.de\/wp-content\/uploads\/2015\/02\/offic2-260x185.jpg' width='260' height='185'  title='offic2' alt='Drei Personen stehen am Nachmittag in einem hohen Geb\u00e4ude vor einer gro\u00dfen Fensterfront und blicken auf die Skyline einer modernen Gro\u00dfstadt.' \/><\/a> <a href='https:\/\/blog.a-rosa.de\/wp-content\/uploads\/2015\/02\/people_town-1024x681.jpg' data-rel='gallery-1' data-prev-img='https:\/\/blog.a-rosa.de\/wp-content\/uploads\/2015\/02\/people_town-710x375.jpg' class='lightbox ' data-onclick='2' title=''  itemprop=\"thumbnailUrl\" ><img  src='https:\/\/blog.a-rosa.de\/wp-content\/uploads\/2015\/02\/people_town-260x185.jpg' width='260' height='185'  title='people_town' alt='Zahlreiche Menschen \u00fcberqueren am sp\u00e4ten Nachmittag eine belebte Stra\u00dfe im Stadtzentrum, w\u00e4hrend Sonnenlicht durch die H\u00e4userschluchten f\u00e4llt.' \/><\/a> <a href='https:\/\/blog.a-rosa.de\/wp-content\/uploads\/2015\/02\/desat-team-walking-1024x430.jpg' data-rel='gallery-1' data-prev-img='https:\/\/blog.a-rosa.de\/wp-content\/uploads\/2015\/02\/desat-team-walking-710x375.jpg' class='lightbox ' data-onclick='3' title=''  itemprop=\"thumbnailUrl\" ><img  src='https:\/\/blog.a-rosa.de\/wp-content\/uploads\/2015\/02\/desat-team-walking-260x185.jpg' width='260' height='185'  title='desat-team-walking' alt='Vier Personen gehen am fr\u00fchen Nachmittag l\u00e4chelnd nebeneinander eine Stadtstra\u00dfe entlang, umgeben von Autos und modernen Geb\u00e4uden.' \/><\/a> <a href='https:\/\/blog.a-rosa.de\/wp-content\/uploads\/2015\/02\/hipster-girls-working-1024x430.jpg' data-rel='gallery-1' data-prev-img='https:\/\/blog.a-rosa.de\/wp-content\/uploads\/2015\/02\/hipster-girls-working-710x375.jpg' class='lightbox ' data-onclick='4' title=''  itemprop=\"thumbnailUrl\" ><img  src='https:\/\/blog.a-rosa.de\/wp-content\/uploads\/2015\/02\/hipster-girls-working-260x185.jpg' width='260' height='185'  title='hipster-girls-working' alt='Drei junge Frauen sitzen am Nachmittag im Freien an einem Laptop und lachen gemeinsam, w\u00e4hrend sie auf den Bildschirm blicken.' \/><\/a><\/div><\/div>\n<\/div><\/div><div class=\"flex_cell no_margin av_one_half   \" style='vertical-align:top; padding:30px; '><div class='flex_cell_inner' ><div style='padding-bottom:10px;font-size:40px;' class='av-special-heading av-special-heading-h1  blockquote modern-quote modern-centered   av-inherit-size '><h1 class='av-special-heading-tag '  itemprop=\"headline\"  >Get in touch<\/h1><div class='special-heading-border'><div class='special-heading-inner-border' ><\/div><\/div><\/div><br \/>\n<div style=' margin-top:40px; margin-bottom:40px;'  class='hr hr-custom hr-center hr-icon-no  '><span class='hr-inner   inner-border-av-border-fat' style=' width:50px; border-color:#000000;' ><span class='hr-inner-style'><\/span><\/span><\/div><br \/>\n<form action=\"https:\/\/blog.a-rosa.de\/kreuzfahrt-blog\/contact\/\" method=\"post\"  class=\"avia_ajax_form av-form-labels-visible    \" data-avia-form-id=\"1\" data-avia-redirect=''><fieldset><p class=' first_form  form_element form_element_half' id='element_avia_1_1'><label for=\"avia_1_1\">Name <abbr class=\"required\" title=\"required\">*<\/abbr><\/label> <input name=\"avia_1_1\" class=\"text_input is_empty\" type=\"text\" id=\"avia_1_1\" value=\"\" \/><\/p><p class=' form_element form_element_half' id='element_avia_2_1'><label for=\"avia_2_1\">E-Mail <abbr class=\"required\" title=\"required\">*<\/abbr><\/label> <input name=\"avia_2_1\" class=\"text_input is_email\" type=\"text\" id=\"avia_2_1\" value=\"\" \/><\/p><p class=' first_form  form_element form_fullwidth' id='element_avia_3_1'><label for=\"avia_3_1\">Subject <abbr class=\"required\" title=\"required\">*<\/abbr><\/label> <input name=\"avia_3_1\" class=\"text_input is_empty\" type=\"text\" id=\"avia_3_1\" value=\"\" \/><\/p><p class=' first_form  form_element form_fullwidth' id='element_avia_4_1'>\t <label for=\"avia_4_1\" class=\"textare_label hidden textare_label_avia_4_1\">Message <abbr class=\"required\" title=\"required\">*<\/abbr><\/label>\t <textarea  name=\"avia_4_1\" class=\"text_area is_empty\" cols=\"40\" rows=\"7\" id=\"avia_4_1\" ><\/textarea><\/p><p class=' first_form  form_element form_fullwidth av-last-visible-form-element' id='element_avia_5_1'>    <input  name=\"avia_5_1\" class=\"input_checkbox \" type=\"checkbox\" id=\"avia_5_1\" value=\"true\"\/><label class=\"input_checkbox_label\" for=\"avia_5_1\">Want to subscribe to our newsletter as well?<\/label><\/p><p class=\"hidden\"><input type=\"text\" name=\"avia_6_1\" class=\"hidden \" id=\"avia_6_1\" value=\"\" \/><\/p><p class=\"form_element \"><input type=\"hidden\" value=\"1\" name=\"avia_generated_form1\" \/><input type=\"submit\" value=\"Submit\" class=\"button\"  data-sending-label=\"Sending\"\/><\/p><\/fieldset><\/form><div id=\"ajaxresponse_1\" class=\"ajaxresponse ajaxresponse_1 hidden\"><\/div><br \/>\n<section class=\"av_textblock_section \"  itemscope=\"itemscope\" itemtype=\"https:\/\/schema.org\/CreativeWork\" ><div class='avia_textblock  '   itemprop=\"text\" ><p>Lorem ipsum dolor sit amet, consectetuer adipiscing elit. <strong>Aenean<\/strong> commodo ligula eget dolor. Aenean massa. Cum sociis natoque penatibus et magnis dis parturient montes, nascetur ridiculus mus.<\/p>\n<p>Donec quam felis, ultricies nec, pellentesque eu, pretium quis, sem. <strong>Nulla consequat<\/strong> massa quis enim:<\/p>\n<\/div><\/section>\n<\/div><\/div><\/div><div id='av_gmap_1' class='avia-google-map-container ' data-mapid='1' style='height: 300px;'><\/div>\n","protected":false},"excerpt":{"rendered":"We would love to work with you so visit or write us Take the office tour ENFOLD\u00a0Detroit 4870 Cass Ave Detroit, MI, United States (555) 389 976 detroit@enfold-startup.com ENFOLD L.A. 1818 N Vermont Ave Los Angeles, CA, United States (555) 774 433 LA@enfold-startup.com Get in touch Name * E-Mail * Subject * Message * Want [...]","protected":false},"author":2,"featured_media":0,"parent":0,"menu_order":0,"comment_status":"open","ping_status":"closed","template":"","meta":{"footnotes":""},"yoast_head":"<!-- This site is optimized with the Yoast SEO plugin v24.5 - https:\/\/yoast.com\/wordpress\/plugins\/seo\/ -->\n<title>Contact - A-ROSA Blog<\/title>\n<meta name=\"robots\" content=\"index, follow, max-snippet:-1, max-image-preview:large, max-video-preview:-1\" \/>\n<link rel=\"canonical\" href=\"https:\/\/blog.a-rosa.de\/kreuzfahrt-blog\/contact\/\" \/>\n<meta property=\"og:locale\" content=\"de_DE\" \/>\n<meta property=\"og:type\" content=\"article\" \/>\n<meta property=\"og:title\" content=\"Contact - A-ROSA Blog\" \/>\n<meta property=\"og:url\" content=\"https:\/\/blog.a-rosa.de\/kreuzfahrt-blog\/contact\/\" \/>\n<meta property=\"og:site_name\" content=\"A-ROSA Blog\" \/>\n<meta property=\"article:publisher\" content=\"https:\/\/www.facebook.com\/AROSAKreuzfahrten\/\" \/>\n<meta name=\"twitter:card\" content=\"summary_large_image\" \/>\n<meta name=\"twitter:site\" content=\"@arosacruises\" \/>\n<meta name=\"twitter:label1\" content=\"Gesch\u00e4tzte Lesezeit\" \/>\n\t<meta name=\"twitter:data1\" content=\"4\u00a0Minuten\" \/>\n<script type=\"application\/ld+json\" class=\"yoast-schema-graph\">{\"@context\":\"https:\/\/schema.org\",\"@graph\":[{\"@type\":\"WebPage\",\"@id\":\"https:\/\/blog.a-rosa.de\/kreuzfahrt-blog\/contact\/\",\"url\":\"https:\/\/blog.a-rosa.de\/kreuzfahrt-blog\/contact\/\",\"name\":\"Contact - A-ROSA Blog\",\"isPartOf\":{\"@id\":\"https:\/\/blog.a-rosa.de\/kreuzfahrt-blog\/#website\"},\"datePublished\":\"2015-02-22T20:09:33+00:00\",\"breadcrumb\":{\"@id\":\"https:\/\/blog.a-rosa.de\/kreuzfahrt-blog\/contact\/#breadcrumb\"},\"inLanguage\":\"de\",\"potentialAction\":[{\"@type\":\"ReadAction\",\"target\":[\"https:\/\/blog.a-rosa.de\/kreuzfahrt-blog\/contact\/\"]}]},{\"@type\":\"BreadcrumbList\",\"@id\":\"https:\/\/blog.a-rosa.de\/kreuzfahrt-blog\/contact\/#breadcrumb\",\"itemListElement\":[{\"@type\":\"ListItem\",\"position\":1,\"name\":\"Startseite\",\"item\":\"https:\/\/blog.a-rosa.de\/kreuzfahrt-blog\/home\/\"},{\"@type\":\"ListItem\",\"position\":2,\"name\":\"Contact\"}]},{\"@type\":\"WebSite\",\"@id\":\"https:\/\/blog.a-rosa.de\/kreuzfahrt-blog\/#website\",\"url\":\"https:\/\/blog.a-rosa.de\/kreuzfahrt-blog\/\",\"name\":\"A-ROSA Blog\",\"description\":\"Flusskreuzfahrten hautnah erleben\",\"publisher\":{\"@id\":\"https:\/\/blog.a-rosa.de\/kreuzfahrt-blog\/#organization\"},\"potentialAction\":[{\"@type\":\"SearchAction\",\"target\":{\"@type\":\"EntryPoint\",\"urlTemplate\":\"https:\/\/blog.a-rosa.de\/kreuzfahrt-blog\/?s={search_term_string}\"},\"query-input\":{\"@type\":\"PropertyValueSpecification\",\"valueRequired\":true,\"valueName\":\"search_term_string\"}}],\"inLanguage\":\"de\"},{\"@type\":\"Organization\",\"@id\":\"https:\/\/blog.a-rosa.de\/kreuzfahrt-blog\/#organization\",\"name\":\"A-ROSA Flusschiff GmbH\",\"url\":\"https:\/\/blog.a-rosa.de\/kreuzfahrt-blog\/\",\"logo\":{\"@type\":\"ImageObject\",\"inLanguage\":\"de\",\"@id\":\"https:\/\/blog.a-rosa.de\/kreuzfahrt-blog\/#\/schema\/logo\/image\/\",\"url\":\"https:\/\/blog.a-rosa.de\/wp-content\/uploads\/2017\/06\/logo.png\",\"contentUrl\":\"https:\/\/blog.a-rosa.de\/wp-content\/uploads\/2017\/06\/logo.png\",\"width\":600,\"height\":200,\"caption\":\"A-ROSA Flusschiff GmbH\"},\"image\":{\"@id\":\"https:\/\/blog.a-rosa.de\/kreuzfahrt-blog\/#\/schema\/logo\/image\/\"},\"sameAs\":[\"https:\/\/www.facebook.com\/AROSAKreuzfahrten\/\",\"https:\/\/x.com\/arosacruises\",\"https:\/\/instagram.com\/arosacruises\",\"https:\/\/www.pinterest.de\/arosakreuzfahrten\/\",\"https:\/\/www.youtube.com\/user\/ArosaCrew\"]}]}<\/script>\n<!-- \/ Yoast SEO plugin. -->","yoast_head_json":{"title":"Contact - A-ROSA Blog","robots":{"index":"index","follow":"follow","max-snippet":"max-snippet:-1","max-image-preview":"max-image-preview:large","max-video-preview":"max-video-preview:-1"},"canonical":"https:\/\/blog.a-rosa.de\/kreuzfahrt-blog\/contact\/","og_locale":"de_DE","og_type":"article","og_title":"Contact - A-ROSA Blog","og_url":"https:\/\/blog.a-rosa.de\/kreuzfahrt-blog\/contact\/","og_site_name":"A-ROSA Blog","article_publisher":"https:\/\/www.facebook.com\/AROSAKreuzfahrten\/","twitter_card":"summary_large_image","twitter_site":"@arosacruises","twitter_misc":{"Gesch\u00e4tzte Lesezeit":"4\u00a0Minuten"},"schema":{"@context":"https:\/\/schema.org","@graph":[{"@type":"WebPage","@id":"https:\/\/blog.a-rosa.de\/kreuzfahrt-blog\/contact\/","url":"https:\/\/blog.a-rosa.de\/kreuzfahrt-blog\/contact\/","name":"Contact - A-ROSA Blog","isPartOf":{"@id":"https:\/\/blog.a-rosa.de\/kreuzfahrt-blog\/#website"},"datePublished":"2015-02-22T20:09:33+00:00","breadcrumb":{"@id":"https:\/\/blog.a-rosa.de\/kreuzfahrt-blog\/contact\/#breadcrumb"},"inLanguage":"de","potentialAction":[{"@type":"ReadAction","target":["https:\/\/blog.a-rosa.de\/kreuzfahrt-blog\/contact\/"]}]},{"@type":"BreadcrumbList","@id":"https:\/\/blog.a-rosa.de\/kreuzfahrt-blog\/contact\/#breadcrumb","itemListElement":[{"@type":"ListItem","position":1,"name":"Startseite","item":"https:\/\/blog.a-rosa.de\/kreuzfahrt-blog\/home\/"},{"@type":"ListItem","position":2,"name":"Contact"}]},{"@type":"WebSite","@id":"https:\/\/blog.a-rosa.de\/kreuzfahrt-blog\/#website","url":"https:\/\/blog.a-rosa.de\/kreuzfahrt-blog\/","name":"A-ROSA Blog","description":"Flusskreuzfahrten hautnah erleben","publisher":{"@id":"https:\/\/blog.a-rosa.de\/kreuzfahrt-blog\/#organization"},"potentialAction":[{"@type":"SearchAction","target":{"@type":"EntryPoint","urlTemplate":"https:\/\/blog.a-rosa.de\/kreuzfahrt-blog\/?s={search_term_string}"},"query-input":{"@type":"PropertyValueSpecification","valueRequired":true,"valueName":"search_term_string"}}],"inLanguage":"de"},{"@type":"Organization","@id":"https:\/\/blog.a-rosa.de\/kreuzfahrt-blog\/#organization","name":"A-ROSA Flusschiff GmbH","url":"https:\/\/blog.a-rosa.de\/kreuzfahrt-blog\/","logo":{"@type":"ImageObject","inLanguage":"de","@id":"https:\/\/blog.a-rosa.de\/kreuzfahrt-blog\/#\/schema\/logo\/image\/","url":"https:\/\/blog.a-rosa.de\/wp-content\/uploads\/2017\/06\/logo.png","contentUrl":"https:\/\/blog.a-rosa.de\/wp-content\/uploads\/2017\/06\/logo.png","width":600,"height":200,"caption":"A-ROSA Flusschiff GmbH"},"image":{"@id":"https:\/\/blog.a-rosa.de\/kreuzfahrt-blog\/#\/schema\/logo\/image\/"},"sameAs":["https:\/\/www.facebook.com\/AROSAKreuzfahrten\/","https:\/\/x.com\/arosacruises","https:\/\/instagram.com\/arosacruises","https:\/\/www.pinterest.de\/arosakreuzfahrten\/","https:\/\/www.youtube.com\/user\/ArosaCrew"]}]}},"_links":{"self":[{"href":"https:\/\/blog.a-rosa.de\/kreuzfahrt-blog\/wp-json\/wp\/v2\/pages\/520"}],"collection":[{"href":"https:\/\/blog.a-rosa.de\/kreuzfahrt-blog\/wp-json\/wp\/v2\/pages"}],"about":[{"href":"https:\/\/blog.a-rosa.de\/kreuzfahrt-blog\/wp-json\/wp\/v2\/types\/page"}],"author":[{"embeddable":true,"href":"https:\/\/blog.a-rosa.de\/kreuzfahrt-blog\/wp-json\/wp\/v2\/users\/2"}],"replies":[{"embeddable":true,"href":"https:\/\/blog.a-rosa.de\/kreuzfahrt-blog\/wp-json\/wp\/v2\/comments?post=520"}],"version-history":[{"count":1,"href":"https:\/\/blog.a-rosa.de\/kreuzfahrt-blog\/wp-json\/wp\/v2\/pages\/520\/revisions"}],"predecessor-version":[{"id":15440,"href":"https:\/\/blog.a-rosa.de\/kreuzfahrt-blog\/wp-json\/wp\/v2\/pages\/520\/revisions\/15440"}],"wp:attachment":[{"href":"https:\/\/blog.a-rosa.de\/kreuzfahrt-blog\/wp-json\/wp\/v2\/media?parent=520"}],"curies":[{"name":"wp","href":"https:\/\/api.w.org\/{rel}","templated":true}]}}